{"id":1985,"date":"2023-10-09T13:51:39","date_gmt":"2023-10-09T11:51:39","guid":{"rendered":"https:\/\/ersybdcpj.preview.infomaniak.website\/?page_id=1985"},"modified":"2023-12-07T11:21:21","modified_gmt":"2023-12-07T10:21:21","slug":"contact-adsimply-burkina","status":"publish","type":"page","link":"https:\/\/adsimply-burkina.bf\/index.php\/contact-adsimply-burkina\/","title":{"rendered":"CONTACT"},"content":{"rendered":"\t\t<div data-elementor-type=\"wp-page\" data-elementor-id=\"1985\" class=\"elementor elementor-1985\" data-elementor-post-type=\"page\">\n\t\t\t\t<div data-particle_enable=\"false\" data-particle-mobile-disabled=\"false\" class=\"elementor-element elementor-element-0c99c39 e-flex e-con-boxed e-con e-parent\" data-id=\"0c99c39\" data-element_type=\"container\" data-settings=\"{&quot;content_width&quot;:&quot;boxed&quot;}\" data-core-v316-plus=\"true\">\n\t\t\t\t\t<div class=\"e-con-inner\">\n\t\t\t\t<div class=\"elementor-element elementor-element-39aa270 exad-sticky-section-no exad-glass-effect-no elementor-widget elementor-widget-image\" data-id=\"39aa270\" data-element_type=\"widget\" data-widget_type=\"image.default\">\n\t\t\t\t<div class=\"elementor-widget-container\">\n\t\t\t<style>\/*! elementor - v3.19.0 - 07-02-2024 *\/\n.elementor-widget-image{text-align:center}.elementor-widget-image a{display:inline-block}.elementor-widget-image a img[src$=\".svg\"]{width:48px}.elementor-widget-image img{vertical-align:middle;display:inline-block}<\/style>\t\t\t\t\t\t\t\t\t\t\t<a href=\"https:\/\/adsimply-burkina.bf\/\">\n\t\t\t\t\t\t\t<img fetchpriority=\"high\" decoding=\"async\" width=\"1024\" height=\"323\" src=\"https:\/\/adsimply-burkina.bf\/wp-content\/uploads\/2023\/10\/contact-banner-image-1024x323.jpg\" class=\"attachment-large size-large wp-image-1987\" alt=\"\" srcset=\"https:\/\/adsimply-burkina.bf\/wp-content\/uploads\/2023\/10\/contact-banner-image-1024x323.jpg 1024w, https:\/\/adsimply-burkina.bf\/wp-content\/uploads\/2023\/10\/contact-banner-image-300x95.jpg 300w, https:\/\/adsimply-burkina.bf\/wp-content\/uploads\/2023\/10\/contact-banner-image-768x242.jpg 768w, https:\/\/adsimply-burkina.bf\/wp-content\/uploads\/2023\/10\/contact-banner-image-1536x484.jpg 1536w, https:\/\/adsimply-burkina.bf\/wp-content\/uploads\/2023\/10\/contact-banner-image-2048x645.jpg 2048w\" sizes=\"(max-width: 1024px) 100vw, 1024px\" \/>\t\t\t\t\t\t\t\t<\/a>\n\t\t\t\t\t\t\t\t\t\t\t\t\t<\/div>\n\t\t\t\t<\/div>\n\t\t\t\t\t<\/div>\n\t\t\t\t<\/div>\n\t\t<div data-particle_enable=\"false\" data-particle-mobile-disabled=\"false\" class=\"elementor-element elementor-element-6888088 e-flex e-con-boxed e-con e-parent\" data-id=\"6888088\" data-element_type=\"container\" data-settings=\"{&quot;content_width&quot;:&quot;boxed&quot;}\" data-core-v316-plus=\"true\">\n\t\t\t\t\t<div class=\"e-con-inner\">\n\t\t\t\t<div class=\"elementor-element elementor-element-5c50d68 eael-wpforms-labels-yes eael-wpforms-form-button-custom exad-sticky-section-no exad-glass-effect-no elementor-widget elementor-widget-eael-wpforms\" data-id=\"5c50d68\" data-element_type=\"widget\" data-widget_type=\"eael-wpforms.default\">\n\t\t\t\t<div class=\"elementor-widget-container\">\n\t\t\t            <div class=\"eael-contact-form eael-wpforms eael-contact-form-align-default\">\n                                <div class=\"wpforms-container \" id=\"wpforms-1994\"><form id=\"wpforms-form-1994\" class=\"wpforms-validate wpforms-form wpforms-ajax-form\" data-formid=\"1994\" method=\"post\" enctype=\"multipart\/form-data\" action=\"\/index.php\/wp-json\/wp\/v2\/pages\/1985\" data-token=\"a3c820fbbae8732cbe42aeec4a5ab49c\"><div class=\"wpforms-head-container\"><\/div><noscript class=\"wpforms-error-noscript\">Veuillez activer JavaScript dans votre navigateur pour remplir ce formulaire.<\/noscript><div class=\"wpforms-field-container\"><div id=\"wpforms-1994-field_3-container\" class=\"wpforms-field wpforms-field-layout\" data-field-id=\"3\"><label class=\"wpforms-field-label wpforms-label-hide\" for=\"wpforms-1994-field_3\">Mise en page<\/label><div class=\"wpforms-field-layout-columns wpforms-field-layout-preset-50-50\"><div class=\"wpforms-layout-column wpforms-layout-column-50\"><div id=\"wpforms-1994-field_1-container\" class=\"wpforms-field wpforms-field-name\" data-field-id=\"1\"><label class=\"wpforms-field-label\" for=\"wpforms-1994-field_1\">Nom et Pr\u00e9noms <span class=\"wpforms-required-label\">*<\/span><\/label><input type=\"text\" id=\"wpforms-1994-field_1\" class=\"wpforms-field-small wpforms-field-required\" name=\"wpforms[fields][1]\" required><\/div><\/div><div class=\"wpforms-layout-column wpforms-layout-column-50\"><div id=\"wpforms-1994-field_2-container\" class=\"wpforms-field wpforms-field-email\" data-field-id=\"2\"><label class=\"wpforms-field-label\" for=\"wpforms-1994-field_2\">E-mail <span class=\"wpforms-required-label\">*<\/span><\/label><input type=\"email\" id=\"wpforms-1994-field_2\" class=\"wpforms-field-small wpforms-field-required\" name=\"wpforms[fields][2]\" spellcheck=\"false\" required><\/div><\/div><\/div><\/div><div id=\"wpforms-1994-field_5-container\" class=\"wpforms-field wpforms-field-layout\" data-field-id=\"5\"><label class=\"wpforms-field-label wpforms-label-hide\" for=\"wpforms-1994-field_5\">Mise en page<\/label><div class=\"wpforms-field-layout-columns wpforms-field-layout-preset-33-33-33\"><div class=\"wpforms-layout-column wpforms-layout-column-33\"><div id=\"wpforms-1994-field_6-container\" class=\"wpforms-field wpforms-field-text\" data-field-id=\"6\"><label class=\"wpforms-field-label\" for=\"wpforms-1994-field_6\">Soci\u00e9t\u00e9 <span class=\"wpforms-required-label\">*<\/span><\/label><input type=\"text\" id=\"wpforms-1994-field_6\" class=\"wpforms-field-medium wpforms-field-required\" name=\"wpforms[fields][6]\" required><\/div><\/div><div class=\"wpforms-layout-column wpforms-layout-column-33\"><div id=\"wpforms-1994-field_7-container\" class=\"wpforms-field wpforms-field-select wpforms-field-select-style-classic\" data-field-id=\"7\"><label class=\"wpforms-field-label\" for=\"wpforms-1994-field_7\">Type de projet <span class=\"wpforms-required-label\">*<\/span><\/label><select id=\"wpforms-1994-field_7\" class=\"wpforms-field-medium wpforms-field-required\" name=\"wpforms[fields][7]\" required=\"required\"><option value=\"Devis\" >Devis<\/option><option value=\"Information\" >Information<\/option><\/select><\/div><\/div><div class=\"wpforms-layout-column wpforms-layout-column-33\"><div id=\"wpforms-1994-field_8-container\" class=\"wpforms-field wpforms-field-phone\" data-field-id=\"8\"><label class=\"wpforms-field-label\" for=\"wpforms-1994-field_8\">T\u00e9l\u00e9phone <span class=\"wpforms-required-label\">*<\/span><\/label><input type=\"tel\" id=\"wpforms-1994-field_8\" class=\"wpforms-field-medium wpforms-field-required wpforms-smart-phone-field\" data-rule-smart-phone-field=\"true\" name=\"wpforms[fields][8]\" required><\/div><\/div><\/div><\/div><div id=\"wpforms-1994-field_10-container\" class=\"wpforms-field wpforms-field-textarea\" data-field-id=\"10\"><label class=\"wpforms-field-label\" for=\"wpforms-1994-field_10\">Message<\/label><textarea id=\"wpforms-1994-field_10\" class=\"wpforms-field-small\" name=\"wpforms[fields][10]\" ><\/textarea><\/div><\/div><!-- .wpforms-field-container --><div class=\"wpforms-submit-container\" ><input type=\"hidden\" name=\"wpforms[id]\" value=\"1994\"><input type=\"hidden\" name=\"wpforms[author]\" value=\"3\"><button type=\"submit\" name=\"wpforms[submit]\" id=\"wpforms-submit-1994\" class=\"wpforms-submit\" data-alt-text=\"Envoi...\" data-submit-text=\"Envoyer\" aria-live=\"assertive\" value=\"wpforms-submit\">Envoyer<\/button><img decoding=\"async\" src=\"https:\/\/adsimply-burkina.bf\/wp-content\/plugins\/wpforms\/assets\/images\/submit-spin.svg\" class=\"wpforms-submit-spinner\" style=\"display: none;\" width=\"26\" height=\"26\" alt=\"Chargement en cours\"><\/div><\/form><\/div>  <!-- .wpforms-container -->            <\/div>\n\t\t<\/div>\n\t\t\t\t<\/div>\n\t\t\t\t\t<\/div>\n\t\t\t\t<\/div>\n\t\t<div data-particle_enable=\"false\" data-particle-mobile-disabled=\"false\" class=\"elementor-element elementor-element-1a4e4b2 e-flex e-con-boxed e-con e-parent\" data-id=\"1a4e4b2\" data-element_type=\"container\" data-settings=\"{&quot;content_width&quot;:&quot;boxed&quot;}\" data-core-v316-plus=\"true\">\n\t\t\t\t\t<div class=\"e-con-inner\">\n\t\t\t\t<div class=\"elementor-element elementor-element-5695b24 elementor-align-center exad-sticky-section-no exad-glass-effect-no elementor-widget elementor-widget-button\" data-id=\"5695b24\" data-element_type=\"widget\" data-widget_type=\"button.default\">\n\t\t\t\t<div class=\"elementor-widget-container\">\n\t\t\t\t\t<div class=\"elementor-button-wrapper\">\n\t\t\t<a class=\"elementor-button elementor-button-link elementor-size-sm\" href=\"https:\/\/adsimply-burkina.bf\/#LE%20CONCEPT\">\n\t\t\t\t\t\t<span class=\"elementor-button-content-wrapper\">\n\t\t\t\t\t\t<span class=\"elementor-button-text\">EN SAVOIR PLUS<\/span>\n\t\t<\/span>\n\t\t\t\t\t<\/a>\n\t\t<\/div>\n\t\t\t\t<\/div>\n\t\t\t\t<\/div>\n\t\t\t\t\t<\/div>\n\t\t\t\t<\/div>\n\t\t\t\t<\/div>\n\t\t","protected":false},"excerpt":{"rendered":"<p>Veuillez activer JavaScript dans votre navigateur pour remplir ce formulaire.Mise en pageNom et Pr\u00e9noms *E-mail *Mise en pageSoci\u00e9t\u00e9 *Type de projet *DevisInformationT\u00e9l\u00e9phone *Message Envoyer EN SAVOIR PLUS<\/p>\n","protected":false},"author":3,"featured_media":0,"parent":0,"menu_order":0,"comment_status":"closed","ping_status":"closed","template":"","meta":{"_uag_custom_page_level_css":"","site-sidebar-layout":"no-sidebar","site-content-layout":"page-builder","ast-site-content-layout":"full-width-container","site-content-style":"default","site-sidebar-style":"default","ast-global-header-display":"","ast-banner-title-visibility":"","ast-main-header-display":"","ast-hfb-above-header-display":"","ast-hfb-below-header-display":"","ast-hfb-mobile-header-display":"","site-post-title":"disabled","ast-breadcrumbs-content":"","ast-featured-img":"disabled","footer-sml-layout":"","theme-transparent-header-meta":"","adv-header-id-meta":"","stick-header-meta":"","header-above-stick-meta":"","header-main-stick-meta":"","header-below-stick-meta":"","astra-migrate-meta-layouts":"set","footnotes":""},"class_list":["post-1985","page","type-page","status-publish","hentry"],"acf":[],"uagb_featured_image_src":{"full":false,"thumbnail":false,"medium":false,"medium_large":false,"large":false,"1536x1536":false,"2048x2048":false},"uagb_author_info":{"display_name":"digitalliums","author_link":"https:\/\/adsimply-burkina.bf\/index.php\/author\/digitalliums\/"},"uagb_comment_info":0,"uagb_excerpt":"Veuillez activer JavaScript dans votre navigateur pour remplir ce formulaire.Mise en pageNom et Pr\u00e9noms *E-mail *Mise en pageSoci\u00e9t\u00e9 *Type de projet *DevisInformationT\u00e9l\u00e9phone *Message Envoyer EN SAVOIR PLUS","_links":{"self":[{"href":"https:\/\/adsimply-burkina.bf\/index.php\/wp-json\/wp\/v2\/pages\/1985","targetHints":{"allow":["GET"]}}],"collection":[{"href":"https:\/\/adsimply-burkina.bf\/index.php\/wp-json\/wp\/v2\/pages"}],"about":[{"href":"https:\/\/adsimply-burkina.bf\/index.php\/wp-json\/wp\/v2\/types\/page"}],"author":[{"embeddable":true,"href":"https:\/\/adsimply-burkina.bf\/index.php\/wp-json\/wp\/v2\/users\/3"}],"replies":[{"embeddable":true,"href":"https:\/\/adsimply-burkina.bf\/index.php\/wp-json\/wp\/v2\/comments?post=1985"}],"version-history":[{"count":14,"href":"https:\/\/adsimply-burkina.bf\/index.php\/wp-json\/wp\/v2\/pages\/1985\/revisions"}],"predecessor-version":[{"id":2467,"href":"https:\/\/adsimply-burkina.bf\/index.php\/wp-json\/wp\/v2\/pages\/1985\/revisions\/2467"}],"wp:attachment":[{"href":"https:\/\/adsimply-burkina.bf\/index.php\/wp-json\/wp\/v2\/media?parent=1985"}],"curies":[{"name":"wp","href":"https:\/\/api.w.org\/{rel}","templated":true}]}}